{"id":673,"date":"2022-05-22T17:25:30","date_gmt":"2022-05-22T15:25:30","guid":{"rendered":"http:\/\/mtrevisani.com\/?page_id=673"},"modified":"2023-02-23T16:15:47","modified_gmt":"2023-02-23T15:15:47","slug":"mentions-legales","status":"publish","type":"page","link":"https:\/\/mtrevisani.com\/index.php\/mentions-legales\/","title":{"rendered":"Mentions l\u00e9gales"},"content":{"rendered":"\t\t<div data-elementor-type=\"wp-page\" data-elementor-id=\"673\" class=\"elementor elementor-673\" data-elementor-post-type=\"page\">\n\t\t\t\t\t\t<section class=\"elementor-section elementor-top-section elementor-element elementor-element-ed770cc elementor-section-boxed elementor-section-height-default elementor-section-height-default\" data-id=\"ed770cc\" data-element_type=\"section\" data-e-type=\"section\">\n\t\t\t\t\t\t<div class=\"elementor-container elementor-column-gap-default\">\n\t\t\t\t\t<div class=\"elementor-column elementor-col-100 elementor-top-column elementor-element elementor-element-dd2abf9\" data-id=\"dd2abf9\" data-element_type=\"column\" data-e-type=\"column\">\n\t\t\t<div class=\"elementor-widget-wrap elementor-element-populated\">\n\t\t\t\t\t\t<div class=\"elementor-element elementor-element-584f4cd elementor-widget elementor-widget-heading\" data-id=\"584f4cd\" data-element_type=\"widget\" data-e-type=\"widget\" data-widget_type=\"heading.default\">\n\t\t\t\t<div class=\"elementor-widget-container\">\n\t\t\t\t\t<h1 class=\"elementor-heading-title elementor-size-default\">Mentions L\u00e9gales<\/h1>\t\t\t\t<\/div>\n\t\t\t\t<\/div>\n\t\t\t\t\t<\/div>\n\t\t<\/div>\n\t\t\t\t\t<\/div>\n\t\t<\/section>\n\t\t\t\t<section class=\"elementor-section elementor-top-section elementor-element elementor-element-819231b elementor-section-boxed elementor-section-height-default elementor-section-height-default\" data-id=\"819231b\" data-element_type=\"section\" data-e-type=\"section\">\n\t\t\t\t\t\t<div class=\"elementor-container elementor-column-gap-default\">\n\t\t\t\t\t<div class=\"elementor-column elementor-col-100 elementor-top-column elementor-element elementor-element-da040da\" data-id=\"da040da\" data-element_type=\"column\" data-e-type=\"column\">\n\t\t\t<div class=\"elementor-widget-wrap elementor-element-populated\">\n\t\t\t\t\t\t<div class=\"elementor-element elementor-element-16bfab1 elementor-widget elementor-widget-heading\" data-id=\"16bfab1\" data-element_type=\"widget\" data-e-type=\"widget\" data-widget_type=\"heading.default\">\n\t\t\t\t<div class=\"elementor-widget-container\">\n\t\t\t\t\t<h2 class=\"elementor-heading-title elementor-size-default\">Soci\u00e9t\u00e9<\/h2>\t\t\t\t<\/div>\n\t\t\t\t<\/div>\n\t\t\t\t\t<\/div>\n\t\t<\/div>\n\t\t\t\t\t<\/div>\n\t\t<\/section>\n\t\t\t\t<section class=\"elementor-section elementor-top-section elementor-element elementor-element-f58eec6 elementor-section-boxed elementor-section-height-default elementor-section-height-default\" data-id=\"f58eec6\" data-element_type=\"section\" data-e-type=\"section\">\n\t\t\t\t\t\t<div class=\"elementor-container elementor-column-gap-default\">\n\t\t\t\t\t<div class=\"elementor-column elementor-col-100 elementor-top-column elementor-element elementor-element-aa9d951\" data-id=\"aa9d951\" data-element_type=\"column\" data-e-type=\"column\">\n\t\t\t<div class=\"elementor-widget-wrap elementor-element-populated\">\n\t\t\t\t\t\t<div class=\"elementor-element elementor-element-c30c1d3 elementor-widget elementor-widget-text-editor\" data-id=\"c30c1d3\" data-element_type=\"widget\" data-e-type=\"widget\" data-widget_type=\"text-editor.default\">\n\t\t\t\t<div class=\"elementor-widget-container\">\n\t\t\t\t\t\t\t\t\t<p>Ci-apr\u00e8s les mentions l\u00e9gales du site Marthe Trevisani Conseil.<\/p><p>Conform\u00e9ment aux dispositions de l\u2019article 6 III de la loi n\u00b02004-575 du 21 juin 2004 pour la confiance dans l\u2019\u00e9conomie num\u00e9rique, nous vous informons que :<\/p><p>le pr\u00e9sent site est la propri\u00e9t\u00e9 de Marthe Trevisani Conseil, auto-entreprise dont le si\u00e8ge social est situ\u00e9 31 All\u00e9e d&rsquo;Augusta &#8211; 95490 Vaur\u00e9al, inscrite au R\u00e9pertoire des Entreprises et des Etablissements, sous le num\u00e9ro 908 019 805 (email : communication@mtrevisani.fr)<\/p><p>La Directrice de la publication est Madame Marthe Trevisani Cornu, en qualit\u00e9 de Dirigeante.<br \/>Ce site est sous la responsabilit\u00e9 de Madame Marthe Trevisani Cornu.<br \/>Nous nous r\u00e9servons le droit de modifier le contenu de ce site Web de toutes les fa\u00e7ons que ce soit, \u00e0 tout moment et pour n\u2019importe quelle raison, et ce, sans notification pr\u00e9alable particuli\u00e8re. Marthe Trevisani Conseil ne pourra \u00eatre tenu pour responsable, de quelque mani\u00e8re que ce soit, des cons\u00e9quences de telles modifications.<\/p>\t\t\t\t\t\t\t\t<\/div>\n\t\t\t\t<\/div>\n\t\t\t\t\t<\/div>\n\t\t<\/div>\n\t\t\t\t\t<\/div>\n\t\t<\/section>\n\t\t\t\t<section class=\"elementor-section elementor-top-section elementor-element elementor-element-fbc2fee elementor-section-boxed elementor-section-height-default elementor-section-height-default\" data-id=\"fbc2fee\" data-element_type=\"section\" data-e-type=\"section\">\n\t\t\t\t\t\t<div class=\"elementor-container elementor-column-gap-default\">\n\t\t\t\t\t<div class=\"elementor-column elementor-col-100 elementor-top-column elementor-element elementor-element-0507631\" data-id=\"0507631\" data-element_type=\"column\" data-e-type=\"column\">\n\t\t\t<div class=\"elementor-widget-wrap elementor-element-populated\">\n\t\t\t\t\t\t<div class=\"elementor-element elementor-element-0919dc6 elementor-widget elementor-widget-heading\" data-id=\"0919dc6\" data-element_type=\"widget\" data-e-type=\"widget\" data-widget_type=\"heading.default\">\n\t\t\t\t<div class=\"elementor-widget-container\">\n\t\t\t\t\t<h2 class=\"elementor-heading-title elementor-size-default\">Renseignements recueillis<\/h2>\t\t\t\t<\/div>\n\t\t\t\t<\/div>\n\t\t\t\t\t<\/div>\n\t\t<\/div>\n\t\t\t\t\t<\/div>\n\t\t<\/section>\n\t\t\t\t<section class=\"elementor-section elementor-top-section elementor-element elementor-element-32cb6cb elementor-section-boxed elementor-section-height-default elementor-section-height-default\" data-id=\"32cb6cb\" data-element_type=\"section\" data-e-type=\"section\">\n\t\t\t\t\t\t<div class=\"elementor-container elementor-column-gap-default\">\n\t\t\t\t\t<div class=\"elementor-column elementor-col-100 elementor-top-column elementor-element elementor-element-1b6c264\" data-id=\"1b6c264\" data-element_type=\"column\" data-e-type=\"column\">\n\t\t\t<div class=\"elementor-widget-wrap elementor-element-populated\">\n\t\t\t\t\t\t<div class=\"elementor-element elementor-element-3b9f87c elementor-widget elementor-widget-text-editor\" data-id=\"3b9f87c\" data-element_type=\"widget\" data-e-type=\"widget\" data-widget_type=\"text-editor.default\">\n\t\t\t\t<div class=\"elementor-widget-container\">\n\t\t\t\t\t\t\t\t\t<p>Marthe Trevisani Conseil peut vous demander de donner des renseignements permettant de vous identifier sur les formulaires de Contact et Prise de Rendez-Vous du site Web. Selon les informations ou les services que vous demandez, vous pourriez devoir fournir votre nom, votre adresse \u00e9lectronique et d\u2019autres renseignements. Ces informations sont envoy\u00e9es directement sous forme d&#8217;email \u00e0 notre soci\u00e9t\u00e9 et ne sont pas stock\u00e9es chez l&rsquo;h\u00e9bergeur de ce site web.<\/p><p>Outre les renseignements que vous fournissez sciemment, Marthe Trevisani Conseil peut recueillir des informations de localisation ou de navigation pour faire des statistiques d\u2019utilisation et \u00e9tablir des historiques de navigation.<\/p><p><span style=\"background-color: var( --e-global-color-c696dce ); color: var( --e-global-color-primary ); font-family: var( --e-global-typography-text-font-family ), Sans-serif; font-size: var( --e-global-typography-text-font-size ); font-style: var( --e-global-typography-text-font-style ); font-weight: var( --e-global-typography-text-font-weight ); letter-spacing: var( --e-global-typography-text-letter-spacing ); text-transform: var( --e-global-typography-text-text-transform );\">Marthe Trevisani Conseil se sert de ces donn\u00e9es pour exercer ses activit\u00e9s, promouvoir ses services et administrer son site Web de fa\u00e7on plus efficace.<\/span><\/p><p><span style=\"background-color: var( --e-global-color-c696dce ); color: var( --e-global-color-primary ); font-family: var( --e-global-typography-text-font-family ), Sans-serif; font-size: var( --e-global-typography-text-font-size ); font-style: var( --e-global-typography-text-font-style ); font-weight: var( --e-global-typography-text-font-weight ); letter-spacing: var( --e-global-typography-text-letter-spacing ); text-transform: var( --e-global-typography-text-text-transform );\">Marthe Trevisani Conseil ne recueille aucun renseignement ni n&rsquo;utilise de cookies permettant de vous identifier dans le cadre des activit\u00e9s que vous exercez en ligne au fil du temps.<\/span><\/p>\t\t\t\t\t\t\t\t<\/div>\n\t\t\t\t<\/div>\n\t\t\t\t\t<\/div>\n\t\t<\/div>\n\t\t\t\t\t<\/div>\n\t\t<\/section>\n\t\t\t\t<section class=\"elementor-section elementor-top-section elementor-element elementor-element-da89fce elementor-section-boxed elementor-section-height-default elementor-section-height-default\" data-id=\"da89fce\" data-element_type=\"section\" data-e-type=\"section\">\n\t\t\t\t\t\t<div class=\"elementor-container elementor-column-gap-default\">\n\t\t\t\t\t<div class=\"elementor-column elementor-col-100 elementor-top-column elementor-element elementor-element-c9955d5\" data-id=\"c9955d5\" data-element_type=\"column\" data-e-type=\"column\">\n\t\t\t<div class=\"elementor-widget-wrap elementor-element-populated\">\n\t\t\t\t\t\t<div class=\"elementor-element elementor-element-3c72e05 elementor-widget elementor-widget-heading\" data-id=\"3c72e05\" data-element_type=\"widget\" data-e-type=\"widget\" data-widget_type=\"heading.default\">\n\t\t\t\t<div class=\"elementor-widget-container\">\n\t\t\t\t\t<h2 class=\"elementor-heading-title elementor-size-default\">Non divulgation des informations<\/h2>\t\t\t\t<\/div>\n\t\t\t\t<\/div>\n\t\t\t\t\t<\/div>\n\t\t<\/div>\n\t\t\t\t\t<\/div>\n\t\t<\/section>\n\t\t\t\t<section class=\"elementor-section elementor-top-section elementor-element elementor-element-4d6661f elementor-section-boxed elementor-section-height-default elementor-section-height-default\" data-id=\"4d6661f\" data-element_type=\"section\" data-e-type=\"section\">\n\t\t\t\t\t\t<div class=\"elementor-container elementor-column-gap-default\">\n\t\t\t\t\t<div class=\"elementor-column elementor-col-100 elementor-top-column elementor-element elementor-element-f75fe67\" data-id=\"f75fe67\" data-element_type=\"column\" data-e-type=\"column\">\n\t\t\t<div class=\"elementor-widget-wrap elementor-element-populated\">\n\t\t\t\t\t\t<div class=\"elementor-element elementor-element-58f4d5c elementor-widget elementor-widget-text-editor\" data-id=\"58f4d5c\" data-element_type=\"widget\" data-e-type=\"widget\" data-widget_type=\"text-editor.default\">\n\t\t\t\t<div class=\"elementor-widget-container\">\n\t\t\t\t\t\t\t\t\t<p>Marthe Trevisani Conseil s\u2019engage \u00e0 ne pas vendre, partager, ni divulguer vos donn\u00e9es personnelles nominatives \u00e0 des tiers en dehors de la soci\u00e9t\u00e9 Marthe Trevisani Conseil.<\/p>\t\t\t\t\t\t\t\t<\/div>\n\t\t\t\t<\/div>\n\t\t\t\t\t<\/div>\n\t\t<\/div>\n\t\t\t\t\t<\/div>\n\t\t<\/section>\n\t\t\t\t<section class=\"elementor-section elementor-top-section elementor-element elementor-element-6842a7b elementor-section-boxed elementor-section-height-default elementor-section-height-default\" data-id=\"6842a7b\" data-element_type=\"section\" data-e-type=\"section\">\n\t\t\t\t\t\t<div class=\"elementor-container elementor-column-gap-default\">\n\t\t\t\t\t<div class=\"elementor-column elementor-col-100 elementor-top-column elementor-element elementor-element-d55d4fd\" data-id=\"d55d4fd\" data-element_type=\"column\" data-e-type=\"column\">\n\t\t\t<div class=\"elementor-widget-wrap elementor-element-populated\">\n\t\t\t\t\t\t<div class=\"elementor-element elementor-element-2f85912 elementor-widget elementor-widget-heading\" data-id=\"2f85912\" data-element_type=\"widget\" data-e-type=\"widget\" data-widget_type=\"heading.default\">\n\t\t\t\t<div class=\"elementor-widget-container\">\n\t\t\t\t\t<h2 class=\"elementor-heading-title elementor-size-default\">Droit d'acc\u00e8s<\/h2>\t\t\t\t<\/div>\n\t\t\t\t<\/div>\n\t\t\t\t\t<\/div>\n\t\t<\/div>\n\t\t\t\t\t<\/div>\n\t\t<\/section>\n\t\t\t\t<section class=\"elementor-section elementor-top-section elementor-element elementor-element-8c6e5b6 elementor-section-boxed elementor-section-height-default elementor-section-height-default\" data-id=\"8c6e5b6\" data-element_type=\"section\" data-e-type=\"section\">\n\t\t\t\t\t\t<div class=\"elementor-container elementor-column-gap-default\">\n\t\t\t\t\t<div class=\"elementor-column elementor-col-100 elementor-top-column elementor-element elementor-element-3daedc4\" data-id=\"3daedc4\" data-element_type=\"column\" data-e-type=\"column\">\n\t\t\t<div class=\"elementor-widget-wrap elementor-element-populated\">\n\t\t\t\t\t\t<div class=\"elementor-element elementor-element-b514f80 elementor-widget elementor-widget-text-editor\" data-id=\"b514f80\" data-element_type=\"widget\" data-e-type=\"widget\" data-widget_type=\"text-editor.default\">\n\t\t\t\t<div class=\"elementor-widget-container\">\n\t\t\t\t\t\t\t\t\t<p>Vous disposez du droit d\u2019acc\u00e8s et de mise \u00e0 jour de vos donn\u00e9es personnelles nominatives ainsi que du droit de demander leur suppression, conform\u00e9ment \u00e0 la Loi n\u00b078-17 du 6 janvier 1978 relative \u00e0 l\u2019informatique, aux fichiers et aux libert\u00e9s. Nous nous engageons \u00e0 nous assurer que vos donn\u00e9es personnelles nominatives sont \u00e0 jour, exactes et compl\u00e8tes.<\/p><p>Si vous souhaitez acc\u00e9der \u00e0 vos donn\u00e9es personnelles ou les corriger, merci de bien vouloir contacter par courrier le responsable de la protection des donn\u00e9es \u00e0 l\u2019adresse suivante\u00a0:<\/p><ul><li>Marthe Trevisani Conseil, Direction de la Communication, 31 All\u00e9e d&rsquo;Augusta, 95490 Vaur\u00e9al, France.<\/li><\/ul><p>\u00a0<\/p><p>Vos demandes seront trait\u00e9es au plus vite. Les demandes de suppression des donn\u00e9es personnelles seront soumises aux exigences qui s\u2019imposent \u00e0 Marthe Trevisani Conseil aux plans juridique, \u00e9thique et dans les domaines du reporting, de l\u2019archivage et du stockage de document.<\/p>\t\t\t\t\t\t\t\t<\/div>\n\t\t\t\t<\/div>\n\t\t\t\t\t<\/div>\n\t\t<\/div>\n\t\t\t\t\t<\/div>\n\t\t<\/section>\n\t\t\t\t<section class=\"elementor-section elementor-top-section elementor-element elementor-element-38c0770 elementor-section-boxed elementor-section-height-default elementor-section-height-default\" data-id=\"38c0770\" data-element_type=\"section\" data-e-type=\"section\">\n\t\t\t\t\t\t<div class=\"elementor-container elementor-column-gap-default\">\n\t\t\t\t\t<div class=\"elementor-column elementor-col-100 elementor-top-column elementor-element elementor-element-a9b68d3\" data-id=\"a9b68d3\" data-element_type=\"column\" data-e-type=\"column\">\n\t\t\t<div class=\"elementor-widget-wrap elementor-element-populated\">\n\t\t\t\t\t\t<div class=\"elementor-element elementor-element-f6837ac elementor-widget elementor-widget-heading\" data-id=\"f6837ac\" data-element_type=\"widget\" data-e-type=\"widget\" data-widget_type=\"heading.default\">\n\t\t\t\t<div class=\"elementor-widget-container\">\n\t\t\t\t\t<h2 class=\"elementor-heading-title elementor-size-default\">Droits d'auteur<\/h2>\t\t\t\t<\/div>\n\t\t\t\t<\/div>\n\t\t\t\t\t<\/div>\n\t\t<\/div>\n\t\t\t\t\t<\/div>\n\t\t<\/section>\n\t\t\t\t<section class=\"elementor-section elementor-top-section elementor-element elementor-element-9ca7a8c elementor-section-boxed elementor-section-height-default elementor-section-height-default\" data-id=\"9ca7a8c\" data-element_type=\"section\" data-e-type=\"section\">\n\t\t\t\t\t\t<div class=\"elementor-container elementor-column-gap-default\">\n\t\t\t\t\t<div class=\"elementor-column elementor-col-100 elementor-top-column elementor-element elementor-element-8da8883\" data-id=\"8da8883\" data-element_type=\"column\" data-e-type=\"column\">\n\t\t\t<div class=\"elementor-widget-wrap elementor-element-populated\">\n\t\t\t\t\t\t<div class=\"elementor-element elementor-element-0c71ea3 elementor-widget elementor-widget-text-editor\" data-id=\"0c71ea3\" data-element_type=\"widget\" data-e-type=\"widget\" data-widget_type=\"text-editor.default\">\n\t\t\t\t<div class=\"elementor-widget-container\">\n\t\t\t\t\t\t\t\t\t<p>Direction de la communication de Marthe Trevisani Conseil.<\/p><p>Cr\u00e9dits photos: http:\/\/www.pixabay.com et les auteurs respectifs des photos reproduites.<\/p>\t\t\t\t\t\t\t\t<\/div>\n\t\t\t\t<\/div>\n\t\t\t\t\t<\/div>\n\t\t<\/div>\n\t\t\t\t\t<\/div>\n\t\t<\/section>\n\t\t\t\t<\/div>\n\t\t","protected":false},"excerpt":{"rendered":"<p>Mentions L\u00e9gales Soci\u00e9t\u00e9 Ci-apr\u00e8s les mentions l\u00e9gales du site Marthe Trevisani Conseil. Conform\u00e9ment aux dispositions de l\u2019article 6 III de la loi n\u00b02004-575 du 21 juin 2004 pour la confiance dans l\u2019\u00e9conomie num\u00e9rique, nous vous informons que : le pr\u00e9sent site est la propri\u00e9t\u00e9 de Marthe Trevisani Conseil, auto-entreprise dont le si\u00e8ge social est situ\u00e9 [&hellip;]<\/p>\n","protected":false},"author":1,"featured_media":0,"parent":0,"menu_order":0,"comment_status":"closed","ping_status":"closed","template":"","meta":{"footnotes":""},"class_list":["post-673","page","type-page","status-publish","hentry"],"_links":{"self":[{"href":"https:\/\/mtrevisani.com\/index.php\/wp-json\/wp\/v2\/pages\/673","targetHints":{"allow":["GET"]}}],"collection":[{"href":"https:\/\/mtrevisani.com\/index.php\/wp-json\/wp\/v2\/pages"}],"about":[{"href":"https:\/\/mtrevisani.com\/index.php\/wp-json\/wp\/v2\/types\/page"}],"author":[{"embeddable":true,"href":"https:\/\/mtrevisani.com\/index.php\/wp-json\/wp\/v2\/users\/1"}],"replies":[{"embeddable":true,"href":"https:\/\/mtrevisani.com\/index.php\/wp-json\/wp\/v2\/comments?post=673"}],"version-history":[{"count":1,"href":"https:\/\/mtrevisani.com\/index.php\/wp-json\/wp\/v2\/pages\/673\/revisions"}],"predecessor-version":[{"id":1957,"href":"https:\/\/mtrevisani.com\/index.php\/wp-json\/wp\/v2\/pages\/673\/revisions\/1957"}],"wp:attachment":[{"href":"https:\/\/mtrevisani.com\/index.php\/wp-json\/wp\/v2\/media?parent=673"}],"curies":[{"name":"wp","href":"https:\/\/api.w.org\/{rel}","templated":true}]}}