{"id":1884,"date":"2022-10-01T19:07:42","date_gmt":"2022-10-01T17:07:42","guid":{"rendered":"http:\/\/mtrevisani.com\/?page_id=1884"},"modified":"2023-02-13T15:11:14","modified_gmt":"2023-02-13T14:11:14","slug":"premi","status":"publish","type":"page","link":"https:\/\/mtrevisani.com\/index.php\/premi\/","title":{"rendered":"Premi\u00e8re fois : je prends contact"},"content":{"rendered":"\t\t<div data-elementor-type=\"wp-page\" data-elementor-id=\"1884\" class=\"elementor elementor-1884\" data-elementor-post-type=\"page\">\n\t\t\t\t\t\t<section class=\"elementor-section elementor-top-section elementor-element elementor-element-d452994 elementor-section-boxed elementor-section-height-default elementor-section-height-default\" data-id=\"d452994\" data-element_type=\"section\" data-e-type=\"section\">\n\t\t\t\t\t\t<div class=\"elementor-container elementor-column-gap-default\">\n\t\t\t\t\t<div class=\"elementor-column elementor-col-100 elementor-top-column elementor-element elementor-element-0141a00\" data-id=\"0141a00\" data-element_type=\"column\" data-e-type=\"column\">\n\t\t\t<div class=\"elementor-widget-wrap elementor-element-populated\">\n\t\t\t\t\t\t<div class=\"elementor-element elementor-element-7d2f043 elementor-widget elementor-widget-heading\" data-id=\"7d2f043\" data-element_type=\"widget\" data-e-type=\"widget\" data-widget_type=\"heading.default\">\n\t\t\t\t<div class=\"elementor-widget-container\">\n\t\t\t\t\t<h1 class=\"elementor-heading-title elementor-size-default\">Prendre rendez-vous en ligne<\/h1>\t\t\t\t<\/div>\n\t\t\t\t<\/div>\n\t\t\t\t\t<\/div>\n\t\t<\/div>\n\t\t\t\t\t<\/div>\n\t\t<\/section>\n\t\t\t\t<section class=\"elementor-section elementor-top-section elementor-element elementor-element-461bfd8 elementor-section-boxed elementor-section-height-default elementor-section-height-default\" data-id=\"461bfd8\" data-element_type=\"section\" data-e-type=\"section\">\n\t\t\t\t\t\t<div class=\"elementor-container elementor-column-gap-default\">\n\t\t\t\t\t<div class=\"elementor-column elementor-col-100 elementor-top-column elementor-element elementor-element-d40c4dd\" data-id=\"d40c4dd\" data-element_type=\"column\" data-e-type=\"column\">\n\t\t\t<div class=\"elementor-widget-wrap elementor-element-populated\">\n\t\t\t\t\t\t<div class=\"elementor-element elementor-element-8a4e283 elementor-widget elementor-widget-text-editor\" data-id=\"8a4e283\" data-element_type=\"widget\" data-e-type=\"widget\" data-widget_type=\"text-editor.default\">\n\t\t\t\t<div class=\"elementor-widget-container\">\n\t\t\t\t\t\t\t\t\t<h5>Vous me contactez pour la premi\u00e8re fois ?<\/h5>\n<p>R\u00e9server d\u00e8s \u00e0 pr\u00e9sent, ci-dessous, un rendez-vous de 30 mn qui nous permettra de faire connaissance et d\u2019\u00e9changer sur votre besoin et le type d\u2019accompagnement adapt\u00e9 que je peux vous proposer.<\/p>\t\t\t\t\t\t\t\t<\/div>\n\t\t\t\t<\/div>\n\t\t\t\t\t<\/div>\n\t\t<\/div>\n\t\t\t\t\t<\/div>\n\t\t<\/section>\n\t\t\t\t<section class=\"elementor-section elementor-top-section elementor-element elementor-element-5181e4c elementor-section-boxed elementor-section-height-default elementor-section-height-default\" data-id=\"5181e4c\" data-element_type=\"section\" data-e-type=\"section\">\n\t\t\t\t\t\t<div class=\"elementor-container elementor-column-gap-default\">\n\t\t\t\t\t<div class=\"elementor-column elementor-col-100 elementor-top-column elementor-element elementor-element-4ffdbf2\" data-id=\"4ffdbf2\" data-element_type=\"column\" data-e-type=\"column\">\n\t\t\t<div class=\"elementor-widget-wrap elementor-element-populated\">\n\t\t\t\t\t\t<div class=\"elementor-element elementor-element-cd6c258 elementor-widget__width-inherit elementor-widget elementor-widget-html\" data-id=\"cd6c258\" data-element_type=\"widget\" data-e-type=\"widget\" data-widget_type=\"html.default\">\n\t\t\t\t<div class=\"elementor-widget-container\">\n\t\t\t\t\t<iframe src='https:\/\/outlook.office365.com\/owa\/calendar\/Premiercontact@cornu.info\/bookings\/' width='100%' height='1700' scrolling='no' style='border:0'><\/iframe>\t\t\t\t<\/div>\n\t\t\t\t<\/div>\n\t\t\t\t\t<\/div>\n\t\t<\/div>\n\t\t\t\t\t<\/div>\n\t\t<\/section>\n\t\t\t\t<\/div>\n\t\t","protected":false},"excerpt":{"rendered":"<p>Prendre rendez-vous en ligne Vous me contactez pour la premi\u00e8re fois ? R\u00e9server d\u00e8s \u00e0 pr\u00e9sent, ci-dessous, un rendez-vous de 30 mn qui nous permettra de faire connaissance et d\u2019\u00e9changer sur votre besoin et le type d\u2019accompagnement adapt\u00e9 que je peux vous proposer.<\/p>\n","protected":false},"author":1,"featured_media":0,"parent":0,"menu_order":0,"comment_status":"closed","ping_status":"closed","template":"","meta":{"footnotes":""},"class_list":["post-1884","page","type-page","status-publish","hentry"],"_links":{"self":[{"href":"https:\/\/mtrevisani.com\/index.php\/wp-json\/wp\/v2\/pages\/1884","targetHints":{"allow":["GET"]}}],"collection":[{"href":"https:\/\/mtrevisani.com\/index.php\/wp-json\/wp\/v2\/pages"}],"about":[{"href":"https:\/\/mtrevisani.com\/index.php\/wp-json\/wp\/v2\/types\/page"}],"author":[{"embeddable":true,"href":"https:\/\/mtrevisani.com\/index.php\/wp-json\/wp\/v2\/users\/1"}],"replies":[{"embeddable":true,"href":"https:\/\/mtrevisani.com\/index.php\/wp-json\/wp\/v2\/comments?post=1884"}],"version-history":[{"count":3,"href":"https:\/\/mtrevisani.com\/index.php\/wp-json\/wp\/v2\/pages\/1884\/revisions"}],"predecessor-version":[{"id":1930,"href":"https:\/\/mtrevisani.com\/index.php\/wp-json\/wp\/v2\/pages\/1884\/revisions\/1930"}],"wp:attachment":[{"href":"https:\/\/mtrevisani.com\/index.php\/wp-json\/wp\/v2\/media?parent=1884"}],"curies":[{"name":"wp","href":"https:\/\/api.w.org\/{rel}","templated":true}]}}